{"id":1849,"date":"2020-03-11T11:05:04","date_gmt":"2020-03-11T10:05:04","guid":{"rendered":"http:\/\/select-import-vehicules.com\/?page_id=1849"},"modified":"2020-03-11T11:49:45","modified_gmt":"2020-03-11T10:49:45","slug":"mentions-legales","status":"publish","type":"page","link":"https:\/\/www.select-import-vehicules.com\/?page_id=1849","title":{"rendered":"Mentions l\u00e9gales"},"content":{"rendered":"<h2 class=\"wp-block-heading\">Si\u00e8ge social<\/h2>\n<p><strong>SELECT IMPORT VEHICULES<\/strong><br \/> 16 Rue du Ch\u00e2teau d&rsquo;Eau<br \/> 67590 SCHWEIGHOUSE SUR MODER<br \/>FRANCE<br \/> T\u00e9l: 06 26 99 01 82<\/p>\n<p>EURL au capital social de 1000 \u20ac<br \/> Siret : 85241735100016<br \/>N\u00b0 de TVA Intracommunautaire : FR34 852417351<\/p>\n<h2 class=\"wp-block-heading\">Directeur de la publication<\/h2>\n<p>C\u00e9dric Andlauer<\/p>\n<h2 class=\"wp-block-heading\">H\u00e9bergement<\/h2>\n<p>PHPNET &#8211; https:\/\/www.phpnet.org<\/p>\n","protected":false},"excerpt":{"rendered":"<p>Si\u00e8ge social SELECT IMPORT VEHICULES 16 Rue du Ch\u00e2teau d&rsquo;Eau 67590 SCHWEIGHOUSE SUR MODERFRANCE T\u00e9l: 06 26 99 01 82 EURL au capital social de 1000 \u20ac Siret : 85241735100016N\u00b0 de TVA Intracommunautaire : FR34 852417351 Directeur de la publication C\u00e9dric Andlauer H\u00e9bergement PHPNET &#8211; https:\/\/www.phpnet.org<\/p>\n","protected":false},"author":1,"featured_media":0,"parent":0,"menu_order":0,"comment_status":"closed","ping_status":"closed","template":"","meta":{"footnotes":""},"_links":{"self":[{"href":"https:\/\/www.select-import-vehicules.com\/index.php?rest_route=\/wp\/v2\/pages\/1849"}],"collection":[{"href":"https:\/\/www.select-import-vehicules.com\/index.php?rest_route=\/wp\/v2\/pages"}],"about":[{"href":"https:\/\/www.select-import-vehicules.com\/index.php?rest_route=\/wp\/v2\/types\/page"}],"author":[{"embeddable":true,"href":"https:\/\/www.select-import-vehicules.com\/index.php?rest_route=\/wp\/v2\/users\/1"}],"replies":[{"embeddable":true,"href":"https:\/\/www.select-import-vehicules.com\/index.php?rest_route=%2Fwp%2Fv2%2Fcomments&post=1849"}],"version-history":[{"count":7,"href":"https:\/\/www.select-import-vehicules.com\/index.php?rest_route=\/wp\/v2\/pages\/1849\/revisions"}],"predecessor-version":[{"id":1857,"href":"https:\/\/www.select-import-vehicules.com\/index.php?rest_route=\/wp\/v2\/pages\/1849\/revisions\/1857"}],"wp:attachment":[{"href":"https:\/\/www.select-import-vehicules.com\/index.php?rest_route=%2Fwp%2Fv2%2Fmedia&parent=1849"}],"curies":[{"name":"wp","href":"https:\/\/api.w.org\/{rel}","templated":true}]}}